{"id":841,"date":"2020-10-22T16:36:45","date_gmt":"2020-10-22T14:36:45","guid":{"rendered":"https:\/\/nicolasfavrichon.com\/photo\/?page_id=841"},"modified":"2022-05-18T13:58:32","modified_gmt":"2022-05-18T11:58:32","slug":"cgv","status":"publish","type":"page","link":"https:\/\/nicolasfavrichon.com\/photo\/cgv\/","title":{"rendered":"Conditions g\u00e9n\u00e9rales de vente (cgv)"},"content":{"rendered":"\n<h2 class=\"has-text-align-center titrecgv wp-block-heading\">Conditions g\u00e9n\u00e9rales de vente (cgv)<\/h2>\n\n\n\n<p><\/p>\n\n\n\n<h4 class=\"wp-block-heading\"><strong>Pr\u00e9sentation<\/strong><\/h4>\n\n\n\n<p>Les pr\u00e9sentes Conditions G\u00e9n\u00e9rales de Vente (CGV) d\u00e9finissent les relations contractuelles entre, d\u2019une part, tout client du site www.nicolasfavrichon.com, qu\u2019il soit un particulier ou un professionnel, ci-apr\u00e8s d\u00e9sign\u00e9 \u201cle client\u201d ou \u201cl\u2019acheteur\u201d et, d\u2019autre part, EI Nicolas FAVRICHON, qui \u00e9dite le site www.nicolasfavrichon.com, ci-apr\u00e8s \u00e9galement d\u00e9sign\u00e9 \u201cl\u2019auteur\u201d ou \u201cwww.nicolasfavrichon.com\u201d. Les pr\u00e9sentes CGV s\u2019appliquent aux ventes de tirages originaux d\u2019art photographique.<\/p>\n\n\n\n<p>EI Nicolas FAVRICHON, n\u00b0 de siret : 519 747 562 00014, exerce son activit\u00e9 en tant qu&rsquo;Auteur-Photographe.<br><br>Les pr\u00e9sentes CGV sont les seules applicables. Elles pr\u00e9valent sur toutes autres conditions g\u00e9n\u00e9rales et particuli\u00e8res non express\u00e9ment agr\u00e9\u00e9es par EI Nicolas FAVRICHON, et notamment remplacent celles de l&rsquo;acheteur. EI Nicolas FAVRICHON se r\u00e9serve le droit de modifier les pr\u00e9sentes CGV, \u00e0 tout moment, sans pr\u00e9avis. Les CGV applicables sont celles en vigueur \u00e0 la date de la commande par l\u2019acheteur.<\/p>\n\n\n\n<p>Le fait de passer une commande emporte de plein droit l\u2019acceptation par le client des pr\u00e9sentes CGV et renonciation par lui \u00e0 ses propres conditions g\u00e9n\u00e9rales et particuli\u00e8res contractuelles. Le client d\u00e9clare adh\u00e9rer aux pr\u00e9sentes CGV, apr\u00e8s les avoir lues, sans restrictions ni r\u00e9serves et ce d\u00e8s sa commande.<br><\/p>\n\n\n\n<h4 class=\"wp-block-heading\" id=\"tarification-et-livraison\">Tarification et livraison<br><\/h4>\n\n\n\n<p>Les tarifs sont indiqu\u00e9s en euros, le prix est net de taxes (TVA non applicable art. 231-4-4B du CGI). L\u2019Auteur peut les modifier sans pr\u00e9avis. Toutes les commandes sont payables en euro (\u20ac). Les produits command\u00e9s sont factur\u00e9s sur la base des tarifs en vigueur au moment de l&rsquo;enregistrement des commandes, sous r\u00e9serve de disponibilit\u00e9. Et restent la propri\u00e9t\u00e9 de l\u2019Auteur jusqu\u2019au r\u00e8glement de la commande.<\/p>\n\n\n\n<p>Les risques de d\u00e9t\u00e9rioration li\u00e9s au transport sont sous la responsabilit\u00e9 du transporteur. Si malgr\u00e9 le soin apport\u00e9 \u00e0 l&#8217;emballage de votre commande, votre colis vous parvient d\u00e9t\u00e9rior\u00e9, vous devez quand m\u00eame l\u2019accepter. Notifiez le livreur et notez vos r\u00e9serves sur le bon de livraison. Prenez ensuite en photo la partie endommag\u00e9e avant de l\u2019ouvrir.<br>Vous devez ensuite adresser votre r\u00e9clamation \u00e0 l&rsquo;auteur par e-mail via ce <a rel=\"noreferrer noopener\" href=\"https:\/\/nicolasfavrichon.com\/photo\/contact\/\" target=\"_blank\">formulaire<\/a> en indiquant \u00ab\u00a0r\u00e9clamation\u00a0\u00bb comme objet et dans un d\u00e9lai de 3 jours ouvrables suivant la date de livraison.<\/p>\n\n\n\n<p>L\u2019Auteur ne peut \u00eatre tenu pour responsable des d\u00e9lais de livraison d\u00e9pass\u00e9s ou de non livraison par perte du colis. Aucune indemnisation ne pourra \u00eatre r\u00e9clam\u00e9e pour un retard de livraison ou pour un tirage d\u00e9t\u00e9rior\u00e9, du fait du transporteur.<br>La livraison sera effectu\u00e9e \u00e0 l\u2019adresse de livraison que le Client a indiqu\u00e9e lors de la commande. Tout renvoi de commande du fait du Client (erreur de saisie de l\u2019adresse&nbsp; lors de la commande) sera \u00e0 la charge du client<br>En application de l\u2019article 1148 du Code Civil, l\u2019Auteur ne peut \u00eatre tenu pour responsable de l\u2019inex\u00e9cution du contrat de vente due \u00e0 une&nbsp; rupture de stock, \u00e0 l\u2019indisponibilit\u00e9 du produit, en cas de force majeure (gr\u00e8ve, totale ou partielle, notamment des services postaux ou du transporteur, catastrophe, etc.)<\/p>\n\n\n\n<p>La commande en directe depuis la boutique est uniquement disponible pour les pays suivants :&nbsp;<br>France M\u00e9tropolitaine, Allemagne, Autriche, Belgique, Espagne, Grande Bretagne, Irlande, Italie, Luxembourg, Pays Bas, Pologne, Portugal, Su\u00e8de, Suisse.<br>Mais il est aussi possible de livrer dans tout autre pays, pour cela <a rel=\"noreferrer noopener\" href=\"https:\/\/nicolasfavrichon.com\/photo\/contact\/\" target=\"_blank\">contactez moi<\/a> directement pour passer votre commande.<\/p>\n\n\n\n<p>La participation aux frais d\u2019exp\u00e9dition, d\u2019emballage et de traitement est de : d\u00e9finie au moment de finaliser la commande.<\/p>\n\n\n\n<p><strong>Douanes et taxes extracommunautaire<\/strong> : En cas de commande vers un pays autre que la France m\u00e9tropolitaine, le client est l&rsquo;importateur des \u0153uvres concern\u00e9es. Pour toutes les \u0153uvres exp\u00e9di\u00e9es hors Union Europ\u00e9enne et DOM-TOM, des droits de douane ou autres taxes locales ou droits d&rsquo;importation ou taxes d&rsquo;Etat sont susceptibles d&rsquo;\u00eatre exigibles. Ces droits et sommes ne sont pas du ressort de www.nicolasfavrichon.com. Ils sont \u00e0 la charge du client et rel\u00e8vent de son enti\u00e8re responsabilit\u00e9 tant en termes de d\u00e9clarations que de paiements aux autorit\u00e9s et organismes comp\u00e9tents du pays d&rsquo;importation. Le client doit se renseigner sur ces aspects aupr\u00e8s des autorit\u00e9s locales avant de passer toute commande.<\/p>\n\n\n\n<h4 class=\"wp-block-heading\">Modalit\u00e9 de paiement<\/h4>\n\n\n\n<p>Le r\u00e8glement des achats s\u2019effectue \u00e0 la commande par carte bancaire via l\u2019<strong>interface s\u00e9curis\u00e9e Stripe<\/strong>&nbsp;et l\u2019<strong>Authentification 3D Secure<\/strong>&nbsp;(il n\u2019est pas n\u00e9cessaire d\u2019ouvrir un compte Stripe pour payer). Les cartes bancaires accept\u00e9es sont VISA, Mastercard, Maestro et American Express. Le virement bancaire SEPA (disponible seulement pour l&rsquo;Europe) est aussi possible et prochainement le paiement via Apple Pay et Google Pay.<br>Pour tout paiement avec un autre type de carte ou dans une devise autre que l\u2019<strong>euro \u20ac<\/strong>, veuillez&nbsp;<a rel=\"noreferrer noopener\" href=\"https:\/\/nicolasfavrichon.com\/photo\/contact\/\" target=\"_blank\">me contacter<\/a>&nbsp;au pr\u00e9alable.<\/p>\n\n\n\n<h4 class=\"wp-block-heading\" id=\"retour\">Droit de r\u00e9tractation<\/h4>\n\n\n\n<p>Conform\u00e9ment aux dispositions de l\u2019article L. 121-20-2 du Code de la Consommation, le tirage, l\u2019impression, le d\u00e9veloppement s\u2019analysent comme une fourniture de biens confectionn\u00e9s selon les sp\u00e9cifications du consommateur ou nettement personnalis\u00e9s, pouvant priver le consommateur de son droit de r\u00e9tractation pendant 7 jours francs. Par cons\u00e9quent, tout droit de r\u00e9tractation de l\u2019Acheteur sera exclu une fois le travail commenc\u00e9. Cependant, selon le cas, un arrangement pourra \u00eatre recherch\u00e9. A l&rsquo;exception des frais de retour, qui dans ce cas restent \u00e0 la charge du client, EI Nicolas FAVRICHON remboursera la totalit\u00e9 des sommes vers\u00e9es, au plus tard dans les 30 jours qui suivent la r\u00e9tractation (droit de r\u00e9tractation non automatique, seulement au cas par cas, veuillez contacter l&rsquo;Auteur).<\/p>\n\n\n\n<h4 class=\"wp-block-heading\">Propri\u00e9t\u00e9 intellectuelle<\/h4>\n\n\n\n<p>Toutes les photographies propos\u00e9es par EI Nicolas FAVRICHON sont prot\u00e9g\u00e9es par le droit d\u2019auteur. L\u2019acquisition d\u2019un tirage original ne conf\u00e8re au client aucun droit d\u2019exploitation, de reproduction, d\u2019exposition ou de diffusion de l\u2019image elle m\u00eame sur quelque support que ce soit, sans accord \u00e9crit de l\u2019auteur.<br>Tous les textes commentaires, illustrations, photographies reproduits sur le site www.nicolasfavrichon.com sont r\u00e9serv\u00e9s au titre du droit d\u2019auteur ainsi qu\u2019au titre de la propri\u00e9t\u00e9 intellectuelle et ce pour le monde entier.<br>Toute reproduction totale ou partielle du site www.nicolasfavrichon.com est strictement interdite.<\/p>\n\n\n\n<h4 class=\"wp-block-heading\"><strong>Avertissements<\/strong> et recommandations <\/h4>\n\n\n\n<p>Les tirages d&rsquo;art photographique que le client re\u00e7oit sont comparables aux images pr\u00e9sent\u00e9es sur le site www.nicolasfavrichon.com. Cependant, des diff\u00e9rences de couleurs, de luminosit\u00e9 ou de contrastes peuvent \u00eatre constat\u00e9es selon l\u2019\u00e9cran utilis\u00e9 pour visualiser les images (\u00e9cran inadapt\u00e9, profil colorim\u00e9trique de p\u00e9riph\u00e9rique \u00e9cran incorrect, etc\u2026) : par cons\u00e9quent, les images repr\u00e9sentant les photographies originales figurant sur le site ne sont pas contractuelles.<\/p>\n\n\n\n<p>Conform\u00e9ment \u00e0 la loi (article L121-1 du Code de la propri\u00e9t\u00e9 intellectuelle), le d\u00e9tenteur d&rsquo;une \u0153uvre d&rsquo;art sign\u00e9e est tenu de lui assurer de bonnes conditions de conservation et ne doit en aucun cas la d\u00e9truire. En cas de destruction, qu&rsquo;elle soit de son fait ou accidentelle, le d\u00e9tenteur de l&rsquo;\u0153uvre s&rsquo;engage \u00e0 pr\u00e9venir l&rsquo;auteur dans les meilleurs d\u00e9lais.<\/p>\n\n\n\n<p>Plusieurs facteurs environnementaux peuvent nuire \u00e0 la conservation des tirages d&rsquo;art photographiques : la luminosit\u00e9, la temp\u00e9rature, l&rsquo;humidit\u00e9, la pollution de l&rsquo;air, et les manipulations. Par cons\u00e9quent les tirages d&rsquo;art photographiques ne doivent pas \u00eatre soumis \u00e0 une lumi\u00e8re directe excessive, \u00e0 des temp\u00e9ratures anormalement basses ou \u00e9lev\u00e9es ou \u00e0 des variations importantes de la temp\u00e9rature, ou \u00e0 un taux d\u2019humidit\u00e9 anormal ou \u00e0 de fortes variations du taux d&rsquo;humidit\u00e9, ils ne doivent pas \u00eatre soumis \u00e0 des vapeurs, gaz, ou particules en suspension dans l&rsquo;air ou \u00e0 des \u00e9manations susceptibles d&rsquo;\u00eatre nocives, ils ne doivent \u00eatre manipul\u00e9s (avec des gants de protection) qu&rsquo;en cas de n\u00e9cessit\u00e9, en prenant soin d&rsquo;\u00e9viter toutes manipulations brutales ou inappropri\u00e9es.<br>Les tirages d&rsquo;art photographiques ne doivent pas \u00eatre expos\u00e9s en ext\u00e9rieur.<\/p>\n\n\n\n<h4 class=\"wp-block-heading\"><strong>Protection des donn\u00e9es personnelles<\/strong><\/h4>\n\n\n\n<p>Conform\u00e9ment \u00e0 la Loi Informatique et Libert\u00e9s du 6 janvier 1978, vous disposez des droits d\u2019interrogation, d\u2019acc\u00e8s, de modification, d\u2019opposition et de rectification sur les donn\u00e9es personnelles vous concernant. En adh\u00e9rant \u00e0 ces conditions g\u00e9n\u00e9rales de vente, vous consentez \u00e0 ce que nous collections et utilisions ces donn\u00e9es pour la r\u00e9alisation du pr\u00e9sent contrat. En saisissant votre adresse email, vous recevrez des emails contenant des informations et des offres promotionnelles concernant des produits \u00e9dit\u00e9s. Vous pouvez vous d\u00e9sinscrire \u00e0 tout instant. Il vous suffit pour cela de vous rendre dans la rubrique 7.3 des Mentions L\u00e9gales, disponible en bas de chaque page.<\/p>\n\n\n\n<h4 class=\"wp-block-heading\"><strong>Droit applicable &#8211; comp\u00e9tence juridique<\/strong>  <\/h4>\n\n\n\n<p>Les pr\u00e9sentes CGV sont soumises \u00e0 la loi fran\u00e7aise. En cas de litige sur le fond ou sur la forme, la comp\u00e9tence juridique sera attribu\u00e9e au tribunal fran\u00e7ais le plus proche du lieu de r\u00e9sidence de l&rsquo;auteur.<\/p>\n","protected":false},"excerpt":{"rendered":"<p>Conditions g\u00e9n\u00e9rales de vente (cgv) Pr\u00e9sentation Les pr\u00e9sentes Conditions G\u00e9n\u00e9rales de Vente (CGV) d\u00e9finissent les relations contractuelles entre, d\u2019une part, tout client du site www.nicolasfavrichon.com, qu\u2019il soit un particulier ou un professionnel, ci-apr\u00e8s d\u00e9sign\u00e9 \u201cle client\u201d ou \u201cl\u2019acheteur\u201d et, d\u2019autre part, EI Nicolas FAVRICHON, qui \u00e9dite le site www.nicolasfavrichon.com, ci-apr\u00e8s \u00e9galement d\u00e9sign\u00e9 \u201cl\u2019auteur\u201d ou \u201cwww.nicolasfavrichon.com\u201d. [&hellip;]<\/p>\n","protected":false},"author":1,"featured_media":0,"parent":0,"menu_order":0,"comment_status":"closed","ping_status":"closed","template":"","meta":{"footnotes":"","_vp_format_video_url":"","_vp_image_focal_point":[]},"_links":{"self":[{"href":"https:\/\/nicolasfavrichon.com\/photo\/wp-json\/wp\/v2\/pages\/841"}],"collection":[{"href":"https:\/\/nicolasfavrichon.com\/photo\/wp-json\/wp\/v2\/pages"}],"about":[{"href":"https:\/\/nicolasfavrichon.com\/photo\/wp-json\/wp\/v2\/types\/page"}],"author":[{"embeddable":true,"href":"https:\/\/nicolasfavrichon.com\/photo\/wp-json\/wp\/v2\/users\/1"}],"replies":[{"embeddable":true,"href":"https:\/\/nicolasfavrichon.com\/photo\/wp-json\/wp\/v2\/comments?post=841"}],"version-history":[{"count":4,"href":"https:\/\/nicolasfavrichon.com\/photo\/wp-json\/wp\/v2\/pages\/841\/revisions"}],"predecessor-version":[{"id":2392,"href":"https:\/\/nicolasfavrichon.com\/photo\/wp-json\/wp\/v2\/pages\/841\/revisions\/2392"}],"wp:attachment":[{"href":"https:\/\/nicolasfavrichon.com\/photo\/wp-json\/wp\/v2\/media?parent=841"}],"curies":[{"name":"wp","href":"https:\/\/api.w.org\/{rel}","templated":true}]}}