{"id":761,"date":"2020-10-14T18:52:32","date_gmt":"2020-10-14T16:52:32","guid":{"rendered":"https:\/\/nicolasfavrichon.com\/photo\/?page_id=761"},"modified":"2022-05-18T13:53:30","modified_gmt":"2022-05-18T11:53:30","slug":"a-propos","status":"publish","type":"page","link":"https:\/\/nicolasfavrichon.com\/photo\/a-propos\/","title":{"rendered":"A propos"},"content":{"rendered":"\n<div class=\"wp-block-media-text alignwide is-stacked-on-mobile\" style=\"grid-template-columns:34% auto\"><figure class=\"wp-block-media-text__media\"><img loading=\"lazy\" decoding=\"async\" width=\"1024\" height=\"922\" src=\"https:\/\/nicolasfavrichon.com\/photo\/wp-content\/uploads\/2020\/10\/IMG_6650bismini-1024x922.jpg\" alt=\"\" class=\"wp-image-787 size-full\" srcset=\"https:\/\/nicolasfavrichon.com\/photo\/wp-content\/uploads\/2020\/10\/IMG_6650bismini-1024x922.jpg 1024w, https:\/\/nicolasfavrichon.com\/photo\/wp-content\/uploads\/2020\/10\/IMG_6650bismini-600x540.jpg 600w, https:\/\/nicolasfavrichon.com\/photo\/wp-content\/uploads\/2020\/10\/IMG_6650bismini-300x270.jpg 300w, https:\/\/nicolasfavrichon.com\/photo\/wp-content\/uploads\/2020\/10\/IMG_6650bismini-768x691.jpg 768w, https:\/\/nicolasfavrichon.com\/photo\/wp-content\/uploads\/2020\/10\/IMG_6650bismini-800x720.jpg 800w, https:\/\/nicolasfavrichon.com\/photo\/wp-content\/uploads\/2020\/10\/IMG_6650bismini-500x450.jpg 500w, https:\/\/nicolasfavrichon.com\/photo\/wp-content\/uploads\/2020\/10\/IMG_6650bismini.jpg 1200w\" sizes=\"(max-width: 1024px) 100vw, 1024px\" \/><\/figure><div class=\"wp-block-media-text__content\">\n<h1 class=\"wp-block-heading\">A propos<\/h1>\n\n\n\n<p>N\u00e9 en 1980, je suis Photographe professionnel dans les Alpes fran\u00e7aises.<br>Ce site est principalement d\u00e9di\u00e9 \u00e0 mes photographies du Japon.<br>Pays que je parcours inlassablement depuis 2009.<br><br>N&rsquo;h\u00e9sitez pas \u00e0 me <a href=\"https:\/\/nicolasfavrichon.com\/photo\/contact\/\" target=\"_blank\" rel=\"noreferrer noopener\">contacter<\/a> pour vos besoins d&rsquo;illustration (presse, \u00e9dition, internet&#8230;).<br>Retrouvez moi aussi sur les diff\u00e9rents r\u00e9seaux sociaux : <br><br><a class=\"social-icons-about\" rel=\"noreferrer noopener\" href=\"https:\/\/www.instagram.com\/nikkolefaav\/\" target=\"_blank\"><i class=\"fa fa-instagram fa-2x\"><\/i><\/a>&nbsp;&nbsp;&nbsp;&nbsp;<a class=\"social-icons-about\" href=\"https:\/\/www.facebook.com\/nicolasfavrichonphoto\" data-type=\"URL\" data-id=\"https:\/\/www.facebook.com\/nicolasfavrichonphoto\" target=\"_blank\" rel=\"noreferrer noopener\"><i class=\"fa fa-facebook fa-2x\"><\/i><\/a>&nbsp;&nbsp;&nbsp;&nbsp;<a class=\"social-icons-about\" rel=\"noreferrer noopener\" href=\"https:\/\/www.youtube.com\/channel\/UCtHZHhY44GFJjjleIwT_TEg\/featured\" target=\"_blank\"><i class=\"fa fa-youtube-play fa-2x\"><\/i><\/a><br><br>EI Nicolas Favrichon<br>N\u00b0 siret : 519 747 562 00014<\/p>\n<\/div><\/div>\n\n\n\n<p><\/p>\n","protected":false},"excerpt":{"rendered":"<p>A propos N\u00e9 en 1980, je suis Photographe professionnel dans les Alpes fran\u00e7aises.Ce site est principalement d\u00e9di\u00e9 \u00e0 mes photographies du Japon.Pays que je parcours inlassablement depuis 2009. N&rsquo;h\u00e9sitez pas \u00e0 me contacter pour vos besoins d&rsquo;illustration (presse, \u00e9dition, internet&#8230;).Retrouvez moi aussi sur les diff\u00e9rents r\u00e9seaux sociaux : &nbsp;&nbsp;&nbsp;&nbsp;&nbsp;&nbsp;&nbsp;&nbsp; EI Nicolas FavrichonN\u00b0 siret : 519 [&hellip;]<\/p>\n","protected":false},"author":1,"featured_media":0,"parent":0,"menu_order":0,"comment_status":"closed","ping_status":"closed","template":"","meta":{"footnotes":"","_vp_format_video_url":"","_vp_image_focal_point":[]},"_links":{"self":[{"href":"https:\/\/nicolasfavrichon.com\/photo\/wp-json\/wp\/v2\/pages\/761"}],"collection":[{"href":"https:\/\/nicolasfavrichon.com\/photo\/wp-json\/wp\/v2\/pages"}],"about":[{"href":"https:\/\/nicolasfavrichon.com\/photo\/wp-json\/wp\/v2\/types\/page"}],"author":[{"embeddable":true,"href":"https:\/\/nicolasfavrichon.com\/photo\/wp-json\/wp\/v2\/users\/1"}],"replies":[{"embeddable":true,"href":"https:\/\/nicolasfavrichon.com\/photo\/wp-json\/wp\/v2\/comments?post=761"}],"version-history":[{"count":4,"href":"https:\/\/nicolasfavrichon.com\/photo\/wp-json\/wp\/v2\/pages\/761\/revisions"}],"predecessor-version":[{"id":2389,"href":"https:\/\/nicolasfavrichon.com\/photo\/wp-json\/wp\/v2\/pages\/761\/revisions\/2389"}],"wp:attachment":[{"href":"https:\/\/nicolasfavrichon.com\/photo\/wp-json\/wp\/v2\/media?parent=761"}],"curies":[{"name":"wp","href":"https:\/\/api.w.org\/{rel}","templated":true}]}}